{"id":27,"date":"2022-12-13T09:00:49","date_gmt":"2022-12-13T09:00:49","guid":{"rendered":"https:\/\/www.muzurirdc.com\/?page_id=27"},"modified":"2023-11-22T15:42:05","modified_gmt":"2023-11-22T15:42:05","slug":"blogs","status":"publish","type":"page","link":"https:\/\/www.muzurirdc.com\/fr\/blogs\/","title":{"rendered":"BLOGUE"},"content":{"rendered":"<div data-elementor-type=\"wp-page\" data-elementor-id=\"27\" class=\"elementor elementor-27\">\n\t\t\t\t\t\t\t\t\t<section class=\"elementor-section elementor-top-section elementor-element elementor-element-390fdf7 elementor-section-height-min-height elementor-section-boxed elementor-section-height-default elementor-section-items-middle\" data-id=\"390fdf7\" data-element_type=\"section\" data-settings=\"{&quot;background_background&quot;:&quot;classic&quot;}\">\n\t\t\t\t\t\t\t<div class=\"elementor-background-overlay\"><\/div>\n\t\t\t\t\t\t\t<div class=\"elementor-container elementor-column-gap-default\">\n\t\t\t\t\t<div class=\"elementor-column elementor-col-100 elementor-top-column elementor-element elementor-element-8c62aff\" data-id=\"8c62aff\" data-element_type=\"column\" data-settings=\"{&quot;background_background&quot;:&quot;classic&quot;}\">\n\t\t\t<div class=\"elementor-widget-wrap elementor-element-populated\">\n\t\t\t\t\t\t\t\t<div class=\"elementor-element elementor-element-7ee2539 elementor-widget elementor-widget-heading\" data-id=\"7ee2539\" data-element_type=\"widget\" data-widget_type=\"heading.default\">\n\t\t\t\t<div class=\"elementor-widget-container\">\n\t\t\t<style>\/*! elementor - v3.17.0 - 08-11-2023 *\/\n.elementor-heading-title{padding:0;margin:0;line-height:1}.elementor-widget-heading .elementor-heading-title[class*=elementor-size-]>a{color:inherit;font-size:inherit;line-height:inherit}.elementor-widget-heading .elementor-heading-title.elementor-size-small{font-size:15px}.elementor-widget-heading .elementor-heading-title.elementor-size-medium{font-size:19px}.elementor-widget-heading .elementor-heading-title.elementor-size-large{font-size:29px}.elementor-widget-heading .elementor-heading-title.elementor-size-xl{font-size:39px}.elementor-widget-heading .elementor-heading-title.elementor-size-xxl{font-size:59px}<\/style><h2 class=\"elementor-heading-title elementor-size-default\">ACTUALIT\u00c9S<\/h2>\t\t<\/div>\n\t\t\t\t<\/div>\n\t\t\t\t\t<\/div>\n\t\t<\/div>\n\t\t\t\t\t\t\t<\/div>\n\t\t<\/section>\n\t\t\t\t<section class=\"elementor-section elementor-top-section elementor-element elementor-element-ed737f5 elementor-section-boxed elementor-section-height-default elementor-section-height-default\" data-id=\"ed737f5\" data-element_type=\"section\" id=\"news\">\n\t\t\t\t\t\t<div class=\"elementor-container elementor-column-gap-default\">\n\t\t\t\t\t<div class=\"elementor-column elementor-col-100 elementor-top-column elementor-element elementor-element-21606de\" data-id=\"21606de\" data-element_type=\"column\">\n\t\t\t<div class=\"elementor-widget-wrap elementor-element-populated\">\n\t\t\t\t\t\t\t\t<div class=\"elementor-element elementor-element-2f1c7fc elementor-widget-divider--view-line elementor-widget elementor-widget-divider\" data-id=\"2f1c7fc\" data-element_type=\"widget\" data-widget_type=\"divider.default\">\n\t\t\t\t<div class=\"elementor-widget-container\">\n\t\t\t<style>\/*! elementor - v3.17.0 - 08-11-2023 *\/\n.elementor-widget-divider{--divider-border-style:none;--divider-border-width:1px;--divider-color:#0c0d0e;--divider-icon-size:20px;--divider-element-spacing:10px;--divider-pattern-height:24px;--divider-pattern-size:20px;--divider-pattern-url:none;--divider-pattern-repeat:repeat-x}.elementor-widget-divider .elementor-divider{display:flex}.elementor-widget-divider .elementor-divider__text{font-size:15px;line-height:1;max-width:95%}.elementor-widget-divider .elementor-divider__element{margin:0 var(--divider-element-spacing);flex-shrink:0}.elementor-widget-divider .elementor-icon{font-size:var(--divider-icon-size)}.elementor-widget-divider .elementor-divider-separator{display:flex;margin:0;direction:ltr}.elementor-widget-divider--view-line_icon .elementor-divider-separator,.elementor-widget-divider--view-line_text .elementor-divider-separator{align-items:center}.elementor-widget-divider--view-line_icon .elementor-divider-separator:after,.elementor-widget-divider--view-line_icon .elementor-divider-separator:before,.elementor-widget-divider--view-line_text .elementor-divider-separator:after,.elementor-widget-divider--view-line_text .elementor-divider-separator:before{display:block;content:\"\";border-bottom:0;flex-grow:1;border-top:var(--divider-border-width) var(--divider-border-style) var(--divider-color)}.elementor-widget-divider--element-align-left .elementor-divider .elementor-divider-separator>.elementor-divider__svg:first-of-type{flex-grow:0;flex-shrink:100}.elementor-widget-divider--element-align-left .elementor-divider-separator:before{content:none}.elementor-widget-divider--element-align-left .elementor-divider__element{margin-left:0}.elementor-widget-divider--element-align-right .elementor-divider .elementor-divider-separator>.elementor-divider__svg:last-of-type{flex-grow:0;flex-shrink:100}.elementor-widget-divider--element-align-right .elementor-divider-separator:after{content:none}.elementor-widget-divider--element-align-right .elementor-divider__element{margin-right:0}.elementor-widget-divider:not(.elementor-widget-divider--view-line_text):not(.elementor-widget-divider--view-line_icon) .elementor-divider-separator{border-top:var(--divider-border-width) var(--divider-border-style) var(--divider-color)}.elementor-widget-divider--separator-type-pattern{--divider-border-style:none}.elementor-widget-divider--separator-type-pattern.elementor-widget-divider--view-line .elementor-divider-separator,.elementor-widget-divider--separator-type-pattern:not(.elementor-widget-divider--view-line) .elementor-divider-separator:after,.elementor-widget-divider--separator-type-pattern:not(.elementor-widget-divider--view-line) .elementor-divider-separator:before,.elementor-widget-divider--separator-type-pattern:not([class*=elementor-widget-divider--view]) .elementor-divider-separator{width:100%;min-height:var(--divider-pattern-height);-webkit-mask-size:var(--divider-pattern-size) 100%;mask-size:var(--divider-pattern-size) 100%;-webkit-mask-repeat:var(--divider-pattern-repeat);mask-repeat:var(--divider-pattern-repeat);background-color:var(--divider-color);-webkit-mask-image:var(--divider-pattern-url);mask-image:var(--divider-pattern-url)}.elementor-widget-divider--no-spacing{--divider-pattern-size:auto}.elementor-widget-divider--bg-round{--divider-pattern-repeat:round}.rtl .elementor-widget-divider .elementor-divider__text{direction:rtl}.e-con-inner>.elementor-widget-divider,.e-con>.elementor-widget-divider{width:var(--container-widget-width,100%);--flex-grow:var(--container-widget-flex-grow)}<\/style>\t\t<div class=\"elementor-divider\">\n\t\t\t<span class=\"elementor-divider-separator\">\n\t\t\t\t\t\t<\/span>\n\t\t<\/div>\n\t\t\t\t<\/div>\n\t\t\t\t<\/div>\n\t\t\t\t<div class=\"elementor-element elementor-element-db3e57a elementor-widget elementor-widget-heading\" data-id=\"db3e57a\" data-element_type=\"widget\" data-widget_type=\"heading.default\">\n\t\t\t\t<div class=\"elementor-widget-container\">\n\t\t\t<h2 class=\"elementor-heading-title elementor-size-default\">ACTUALIT\u00c9S<\/h2>\t\t<\/div>\n\t\t\t\t<\/div>\n\t\t\t\t<div class=\"elementor-element elementor-element-b44a15f elementor-grid-3 elementor-grid-tablet-2 elementor-grid-mobile-1 elementor-posts--thumbnail-top elementor-posts--show-avatar elementor-card-shadow-yes elementor-posts__hover-gradient elementor-widget elementor-widget-posts\" data-id=\"b44a15f\" data-element_type=\"widget\" data-settings=\"{&quot;cards_columns&quot;:&quot;3&quot;,&quot;cards_columns_tablet&quot;:&quot;2&quot;,&quot;cards_columns_mobile&quot;:&quot;1&quot;,&quot;cards_row_gap&quot;:{&quot;unit&quot;:&quot;px&quot;,&quot;size&quot;:35,&quot;sizes&quot;:[]},&quot;cards_row_gap_tablet&quot;:{&quot;unit&quot;:&quot;px&quot;,&quot;size&quot;:&quot;&quot;,&quot;sizes&quot;:[]},&quot;cards_row_gap_mobile&quot;:{&quot;unit&quot;:&quot;px&quot;,&quot;size&quot;:&quot;&quot;,&quot;sizes&quot;:[]}}\" data-widget_type=\"posts.cards\">\n\t\t\t\t<div class=\"elementor-widget-container\">\n\t\t\t<link rel=\"stylesheet\" href=\"https:\/\/www.muzurirdc.com\/wp-content\/plugins\/elementor-pro\/assets\/css\/widget-posts.min.css\">\t\t<div class=\"elementor-posts-container elementor-posts elementor-posts--skin-cards elementor-grid\">\n\t\t\t\t<article class=\"elementor-post elementor-grid-item post-2399 post type-post status-publish format-standard has-post-thumbnail hentry category-news\">\n\t\t\t<div class=\"elementor-post__card\">\n\t\t\t\t<a class=\"elementor-post__thumbnail__link\" href=\"https:\/\/www.muzurirdc.com\/fr\/m-a-c-cosmetics\/\" ><div class=\"elementor-post__thumbnail\"><img loading=\"lazy\" decoding=\"async\" width=\"1080\" height=\"720\" src=\"https:\/\/www.muzurirdc.com\/wp-content\/uploads\/2023\/11\/WhatsApp-Image-2023-11-22-at-7.04.28-PM.jpeg\" class=\"attachment-full size-full wp-image-2405\" alt=\"\" srcset=\"https:\/\/www.muzurirdc.com\/wp-content\/uploads\/2023\/11\/WhatsApp-Image-2023-11-22-at-7.04.28-PM.jpeg 1080w, https:\/\/www.muzurirdc.com\/wp-content\/uploads\/2023\/11\/WhatsApp-Image-2023-11-22-at-7.04.28-PM-300x200.jpeg 300w, https:\/\/www.muzurirdc.com\/wp-content\/uploads\/2023\/11\/WhatsApp-Image-2023-11-22-at-7.04.28-PM-1024x683.jpeg 1024w, https:\/\/www.muzurirdc.com\/wp-content\/uploads\/2023\/11\/WhatsApp-Image-2023-11-22-at-7.04.28-PM-768x512.jpeg 768w, https:\/\/www.muzurirdc.com\/wp-content\/uploads\/2023\/11\/WhatsApp-Image-2023-11-22-at-7.04.28-PM-18x12.jpeg 18w\" sizes=\"auto, (max-width: 1080px) 100vw, 1080px\" \/><\/div><\/a>\n\t\t\t\t<div class=\"elementor-post__badge\">Actualit\u00e9s<\/div>\n\t\t\t\t<div class=\"elementor-post__avatar\">\n\t\t\t<img alt='admin' src='https:\/\/secure.gravatar.com\/avatar\/b8b6e43eb4705f871ecedc5b8075b1e6bf346d96f3ced2d648e6523b3550241a?s=128&#038;d=mm&#038;r=g' srcset='https:\/\/secure.gravatar.com\/avatar\/b8b6e43eb4705f871ecedc5b8075b1e6bf346d96f3ced2d648e6523b3550241a?s=256&#038;d=mm&#038;r=g 2x' class='avatar avatar-128 photo' height='128' width='128' \/>\t\t<\/div>\n\t\t\t\t<div class=\"elementor-post__text\">\n\t\t\t\t<h3 class=\"elementor-post__title\">\n\t\t\t<a href=\"https:\/\/www.muzurirdc.com\/fr\/m-a-c-cosmetics\/\" >\n\t\t\t\tM.A.C cosmetics\t\t\t<\/a>\n\t\t<\/h3>\n\t\t\t\t<div class=\"elementor-post__excerpt\">\n\t\t\t<p>Le treizi\u00e8me magasin de cosm\u00e9tiques M.A.C en Afrique de l'Ouest a enfin ouvert ses portes \u00e0 Kinshasa, le 9 septembre 2023, sous franchise ; une collaboration entre Est\u00e9e Lauder et Muzuri Retail. M.A.C, la marque mondiale et internationale compte actuellement plus de 1500 magasins dans 78 pays.<\/p>\n\t\t<\/div>\n\t\t\n\t\t<a class=\"elementor-post__read-more\" href=\"https:\/\/www.muzurirdc.com\/fr\/m-a-c-cosmetics\/\" >\n\t\t\tLIRE LA SUITE\t\t<\/a>\n\n\t\t\t\t<\/div>\n\t\t\t\t<div class=\"elementor-post__meta-data\">\n\t\t\t\t\t<span class=\"elementor-post-date\">\n\t\t\tseptembre 9, 2023\t\t<\/span>\n\t\t\t\t<span class=\"elementor-post-avatar\">\n\t\t\tAucun commentaire\t\t<\/span>\n\t\t\t\t<\/div>\n\t\t\t\t\t<\/div>\n\t\t<\/article>\n\t\t\t\t<article class=\"elementor-post elementor-grid-item post-2417 post type-post status-publish format-standard has-post-thumbnail hentry category-news\">\n\t\t\t<div class=\"elementor-post__card\">\n\t\t\t\t<a class=\"elementor-post__thumbnail__link\" href=\"https:\/\/www.muzurirdc.com\/fr\/defacto-lubumbashi\/\" ><div class=\"elementor-post__thumbnail\"><img loading=\"lazy\" decoding=\"async\" width=\"810\" height=\"1080\" src=\"https:\/\/www.muzurirdc.com\/wp-content\/uploads\/2023\/09\/WhatsApp-Image-2023-11-22-at-7.08.41-PM.jpeg\" class=\"attachment-full size-full wp-image-2460\" alt=\"\" srcset=\"https:\/\/www.muzurirdc.com\/wp-content\/uploads\/2023\/09\/WhatsApp-Image-2023-11-22-at-7.08.41-PM.jpeg 810w, https:\/\/www.muzurirdc.com\/wp-content\/uploads\/2023\/09\/WhatsApp-Image-2023-11-22-at-7.08.41-PM-225x300.jpeg 225w, https:\/\/www.muzurirdc.com\/wp-content\/uploads\/2023\/09\/WhatsApp-Image-2023-11-22-at-7.08.41-PM-768x1024.jpeg 768w, https:\/\/www.muzurirdc.com\/wp-content\/uploads\/2023\/09\/WhatsApp-Image-2023-11-22-at-7.08.41-PM-9x12.jpeg 9w\" sizes=\"auto, (max-width: 810px) 100vw, 810px\" \/><\/div><\/a>\n\t\t\t\t<div class=\"elementor-post__badge\">Actualit\u00e9s<\/div>\n\t\t\t\t<div class=\"elementor-post__avatar\">\n\t\t\t<img alt='admin' src='https:\/\/secure.gravatar.com\/avatar\/b8b6e43eb4705f871ecedc5b8075b1e6bf346d96f3ced2d648e6523b3550241a?s=128&#038;d=mm&#038;r=g' srcset='https:\/\/secure.gravatar.com\/avatar\/b8b6e43eb4705f871ecedc5b8075b1e6bf346d96f3ced2d648e6523b3550241a?s=256&#038;d=mm&#038;r=g 2x' class='avatar avatar-128 photo' height='128' width='128' \/>\t\t<\/div>\n\t\t\t\t<div class=\"elementor-post__text\">\n\t\t\t\t<h3 class=\"elementor-post__title\">\n\t\t\t<a href=\"https:\/\/www.muzurirdc.com\/fr\/defacto-lubumbashi\/\" >\n\t\t\t\tDEFACTO LUBUMBASHI\t\t\t<\/a>\n\t\t<\/h3>\n\t\t\t\t<div class=\"elementor-post__excerpt\">\n\t\t\t<p>Apr\u00e8s plusieurs mois de travail acharn\u00e9 et de pers\u00e9v\u00e9rance, notre \u00e9quipe est heureuse d'avoir ouvert un nouveau magasin DeFacto, la marque internationale Turque. Le 16 septembre 2023, DeFacto a officiellement accueilli ses premiers clients sur le site THE ONE dans la ville de Lubumbashi, peu apr\u00e8s avoir ouvert \u00e0 Kolwezi et<\/p>\n\t\t<\/div>\n\t\t\n\t\t<a class=\"elementor-post__read-more\" href=\"https:\/\/www.muzurirdc.com\/fr\/defacto-lubumbashi\/\" >\n\t\t\tLIRE LA SUITE\t\t<\/a>\n\n\t\t\t\t<\/div>\n\t\t\t\t<div class=\"elementor-post__meta-data\">\n\t\t\t\t\t<span class=\"elementor-post-date\">\n\t\t\tseptembre 2, 2023\t\t<\/span>\n\t\t\t\t<span class=\"elementor-post-avatar\">\n\t\t\tAucun commentaire\t\t<\/span>\n\t\t\t\t<\/div>\n\t\t\t\t\t<\/div>\n\t\t<\/article>\n\t\t\t\t<article class=\"elementor-post elementor-grid-item post-2457 post type-post status-publish format-standard has-post-thumbnail hentry category-news\">\n\t\t\t<div class=\"elementor-post__card\">\n\t\t\t\t<a class=\"elementor-post__thumbnail__link\" href=\"https:\/\/www.muzurirdc.com\/fr\/delifrance\/\" ><div class=\"elementor-post__thumbnail\"><img loading=\"lazy\" decoding=\"async\" width=\"1920\" height=\"1080\" src=\"https:\/\/www.muzurirdc.com\/wp-content\/uploads\/2023\/07\/picture-1.jpg\" class=\"attachment-full size-full wp-image-2461\" alt=\"\" srcset=\"https:\/\/www.muzurirdc.com\/wp-content\/uploads\/2023\/07\/picture-1.jpg 1920w, https:\/\/www.muzurirdc.com\/wp-content\/uploads\/2023\/07\/picture-1-300x169.jpg 300w, https:\/\/www.muzurirdc.com\/wp-content\/uploads\/2023\/07\/picture-1-1024x576.jpg 1024w, https:\/\/www.muzurirdc.com\/wp-content\/uploads\/2023\/07\/picture-1-768x432.jpg 768w, https:\/\/www.muzurirdc.com\/wp-content\/uploads\/2023\/07\/picture-1-1536x864.jpg 1536w, https:\/\/www.muzurirdc.com\/wp-content\/uploads\/2023\/07\/picture-1-18x10.jpg 18w\" sizes=\"auto, (max-width: 1920px) 100vw, 1920px\" \/><\/div><\/a>\n\t\t\t\t<div class=\"elementor-post__badge\">Actualit\u00e9s<\/div>\n\t\t\t\t<div class=\"elementor-post__avatar\">\n\t\t\t<img alt='admin' src='https:\/\/secure.gravatar.com\/avatar\/b8b6e43eb4705f871ecedc5b8075b1e6bf346d96f3ced2d648e6523b3550241a?s=128&#038;d=mm&#038;r=g' srcset='https:\/\/secure.gravatar.com\/avatar\/b8b6e43eb4705f871ecedc5b8075b1e6bf346d96f3ced2d648e6523b3550241a?s=256&#038;d=mm&#038;r=g 2x' class='avatar avatar-128 photo' height='128' width='128' \/>\t\t<\/div>\n\t\t\t\t<div class=\"elementor-post__text\">\n\t\t\t\t<h3 class=\"elementor-post__title\">\n\t\t\t<a href=\"https:\/\/www.muzurirdc.com\/fr\/delifrance\/\" >\n\t\t\t\tD\u00c9LIFRANCE\t\t\t<\/a>\n\t\t<\/h3>\n\t\t\t\t<div class=\"elementor-post__excerpt\">\n\t\t\t<p>Ouverture d'un Nouveau Bistrot Delifrance dans la ville de Kinshasa, \u00e0 proximit\u00e9 du premier magasin Defacto en RDC. Muzuri et ses partenaires ont \u00e9tabli leur r\u00e9putation d'atteindre leur objectif en mati\u00e8re de planification et d'ouverture de magasins dans la ville de Kinshasa, en RDC.<\/p>\n\t\t<\/div>\n\t\t\n\t\t<a class=\"elementor-post__read-more\" href=\"https:\/\/www.muzurirdc.com\/fr\/delifrance\/\" >\n\t\t\tLIRE LA SUITE\t\t<\/a>\n\n\t\t\t\t<\/div>\n\t\t\t\t<div class=\"elementor-post__meta-data\">\n\t\t\t\t\t<span class=\"elementor-post-date\">\n\t\t\tjuillet 1, 2023\t\t<\/span>\n\t\t\t\t<span class=\"elementor-post-avatar\">\n\t\t\tAucun commentaire\t\t<\/span>\n\t\t\t\t<\/div>\n\t\t\t\t\t<\/div>\n\t\t<\/article>\n\t\t\t\t<article class=\"elementor-post elementor-grid-item post-2384 post type-post status-publish format-standard has-post-thumbnail hentry category-news\">\n\t\t\t<div class=\"elementor-post__card\">\n\t\t\t\t<a class=\"elementor-post__thumbnail__link\" href=\"https:\/\/www.muzurirdc.com\/fr\/opening-the-new-lc-waikiki-store-under-muzuri-in-angola\/\" ><div class=\"elementor-post__thumbnail\"><img loading=\"lazy\" decoding=\"async\" width=\"768\" height=\"1024\" src=\"https:\/\/www.muzurirdc.com\/wp-content\/uploads\/2023\/05\/WhatsApp-Image-2023-05-27-at-3.54.16-PM.jpeg\" class=\"attachment-full size-full wp-image-2385\" alt=\"\" srcset=\"https:\/\/www.muzurirdc.com\/wp-content\/uploads\/2023\/05\/WhatsApp-Image-2023-05-27-at-3.54.16-PM.jpeg 768w, https:\/\/www.muzurirdc.com\/wp-content\/uploads\/2023\/05\/WhatsApp-Image-2023-05-27-at-3.54.16-PM-225x300.jpeg 225w, https:\/\/www.muzurirdc.com\/wp-content\/uploads\/2023\/05\/WhatsApp-Image-2023-05-27-at-3.54.16-PM-9x12.jpeg 9w\" sizes=\"auto, (max-width: 768px) 100vw, 768px\" \/><\/div><\/a>\n\t\t\t\t<div class=\"elementor-post__badge\">Actualit\u00e9s<\/div>\n\t\t\t\t<div class=\"elementor-post__avatar\">\n\t\t\t<img alt='admin' src='https:\/\/secure.gravatar.com\/avatar\/b8b6e43eb4705f871ecedc5b8075b1e6bf346d96f3ced2d648e6523b3550241a?s=128&#038;d=mm&#038;r=g' srcset='https:\/\/secure.gravatar.com\/avatar\/b8b6e43eb4705f871ecedc5b8075b1e6bf346d96f3ced2d648e6523b3550241a?s=256&#038;d=mm&#038;r=g 2x' class='avatar avatar-128 photo' height='128' width='128' \/>\t\t<\/div>\n\t\t\t\t<div class=\"elementor-post__text\">\n\t\t\t\t<h3 class=\"elementor-post__title\">\n\t\t\t<a href=\"https:\/\/www.muzurirdc.com\/fr\/opening-the-new-lc-waikiki-store-under-muzuri-in-angola\/\" >\n\t\t\t\tL\u2019ouverture du nouveau magasin LC Waikiki sous Muzuri en Angola\t\t\t<\/a>\n\t\t<\/h3>\n\t\t\t\t<div class=\"elementor-post__excerpt\">\n\t\t\t<p>L\u2019ouverture du nouveau magasin LC Waikiki sous Muzuri en Angola a \u00e9t\u00e9 une exp\u00e9rience passionnante et stimulante. Nous avons \u00e9t\u00e9 ravis d\u2019apporter cette marque turque bien connue sur le march\u00e9 angolais et d\u2019offrir aux clients une large gamme de v\u00eatements \u00e9l\u00e9gants et abordables. L\u2019ouverture du magasin a \u00e9t\u00e9 un grand succ\u00e8s et nous sommes fiers de faire partie de l\u2019industrie croissante de la vente au d\u00e9tail en Angola.<\/p>\n\t\t<\/div>\n\t\t\n\t\t<a class=\"elementor-post__read-more\" href=\"https:\/\/www.muzurirdc.com\/fr\/opening-the-new-lc-waikiki-store-under-muzuri-in-angola\/\" >\n\t\t\tLIRE LA SUITE\t\t<\/a>\n\n\t\t\t\t<\/div>\n\t\t\t\t<div class=\"elementor-post__meta-data\">\n\t\t\t\t\t<span class=\"elementor-post-date\">\n\t\t\tf\u00e9vrier 2, 2023\t\t<\/span>\n\t\t\t\t<span class=\"elementor-post-avatar\">\n\t\t\tAucun commentaire\t\t<\/span>\n\t\t\t\t<\/div>\n\t\t\t\t\t<\/div>\n\t\t<\/article>\n\t\t\t\t<article class=\"elementor-post elementor-grid-item post-2423 post type-post status-publish format-standard has-post-thumbnail hentry category-news\">\n\t\t\t<div class=\"elementor-post__card\">\n\t\t\t\t<a class=\"elementor-post__thumbnail__link\" href=\"https:\/\/www.muzurirdc.com\/fr\/defacto-kolwezi\/\" ><div class=\"elementor-post__thumbnail\"><img loading=\"lazy\" decoding=\"async\" width=\"1080\" height=\"1080\" src=\"https:\/\/www.muzurirdc.com\/wp-content\/uploads\/2023\/11\/1674828468421.jpg\" class=\"attachment-full size-full wp-image-2425\" alt=\"\" srcset=\"https:\/\/www.muzurirdc.com\/wp-content\/uploads\/2023\/11\/1674828468421.jpg 1080w, https:\/\/www.muzurirdc.com\/wp-content\/uploads\/2023\/11\/1674828468421-300x300.jpg 300w, https:\/\/www.muzurirdc.com\/wp-content\/uploads\/2023\/11\/1674828468421-1024x1024.jpg 1024w, https:\/\/www.muzurirdc.com\/wp-content\/uploads\/2023\/11\/1674828468421-150x150.jpg 150w, https:\/\/www.muzurirdc.com\/wp-content\/uploads\/2023\/11\/1674828468421-768x768.jpg 768w, https:\/\/www.muzurirdc.com\/wp-content\/uploads\/2023\/11\/1674828468421-12x12.jpg 12w\" sizes=\"auto, (max-width: 1080px) 100vw, 1080px\" \/><\/div><\/a>\n\t\t\t\t<div class=\"elementor-post__badge\">Actualit\u00e9s<\/div>\n\t\t\t\t<div class=\"elementor-post__avatar\">\n\t\t\t<img alt='admin' src='https:\/\/secure.gravatar.com\/avatar\/b8b6e43eb4705f871ecedc5b8075b1e6bf346d96f3ced2d648e6523b3550241a?s=128&#038;d=mm&#038;r=g' srcset='https:\/\/secure.gravatar.com\/avatar\/b8b6e43eb4705f871ecedc5b8075b1e6bf346d96f3ced2d648e6523b3550241a?s=256&#038;d=mm&#038;r=g 2x' class='avatar avatar-128 photo' height='128' width='128' \/>\t\t<\/div>\n\t\t\t\t<div class=\"elementor-post__text\">\n\t\t\t\t<h3 class=\"elementor-post__title\">\n\t\t\t<a href=\"https:\/\/www.muzurirdc.com\/fr\/defacto-kolwezi\/\" >\n\t\t\t\tDEFACTO KOLWEZI\t\t\t<\/a>\n\t\t<\/h3>\n\t\t\t\t<div class=\"elementor-post__excerpt\">\n\t\t\t<p>Un autre magasin Defacto a ouvert ses portes en R\u00e9publique d\u00e9mocratique du Congo en collaboration avec Muzuri Retail. Cette fois, la c\u00e9l\u00e8bre marque turque a choisi de s'implanter dans le centre commercial City Walk Kolwezi ; un incontournable dans la ville.<\/p>\n\t\t<\/div>\n\t\t\n\t\t<a class=\"elementor-post__read-more\" href=\"https:\/\/www.muzurirdc.com\/fr\/defacto-kolwezi\/\" >\n\t\t\tLIRE LA SUITE\t\t<\/a>\n\n\t\t\t\t<\/div>\n\t\t\t\t<div class=\"elementor-post__meta-data\">\n\t\t\t\t\t<span class=\"elementor-post-date\">\n\t\t\td\u00e9cembre 2, 2022\t\t<\/span>\n\t\t\t\t<span class=\"elementor-post-avatar\">\n\t\t\tAucun commentaire\t\t<\/span>\n\t\t\t\t<\/div>\n\t\t\t\t\t<\/div>\n\t\t<\/article>\n\t\t\t\t<article class=\"elementor-post elementor-grid-item post-1124 post type-post status-publish format-standard has-post-thumbnail hentry category-news\">\n\t\t\t<div class=\"elementor-post__card\">\n\t\t\t\t<a class=\"elementor-post__thumbnail__link\" href=\"https:\/\/www.muzurirdc.com\/fr\/muzuri-is-more-than-a-movement\/\" ><div class=\"elementor-post__thumbnail\"><img loading=\"lazy\" decoding=\"async\" width=\"570\" height=\"719\" src=\"https:\/\/www.muzurirdc.com\/wp-content\/uploads\/2022\/12\/image-3-1.png\" class=\"attachment-full size-full wp-image-546\" alt=\"\" \/><\/div><\/a>\n\t\t\t\t<div class=\"elementor-post__badge\">Actualit\u00e9s<\/div>\n\t\t\t\t<div class=\"elementor-post__avatar\">\n\t\t\t<img alt='admin' src='https:\/\/secure.gravatar.com\/avatar\/b8b6e43eb4705f871ecedc5b8075b1e6bf346d96f3ced2d648e6523b3550241a?s=128&#038;d=mm&#038;r=g' srcset='https:\/\/secure.gravatar.com\/avatar\/b8b6e43eb4705f871ecedc5b8075b1e6bf346d96f3ced2d648e6523b3550241a?s=256&#038;d=mm&#038;r=g 2x' class='avatar avatar-128 photo' height='128' width='128' \/>\t\t<\/div>\n\t\t\t\t<div class=\"elementor-post__text\">\n\t\t\t\t<h3 class=\"elementor-post__title\">\n\t\t\t<a href=\"https:\/\/www.muzurirdc.com\/fr\/muzuri-is-more-than-a-movement\/\" >\n\t\t\t\tMUZURI EST PLUS QU'UN MOUVEMENT\t\t\t<\/a>\n\t\t<\/h3>\n\t\t\t\t<div class=\"elementor-post__excerpt\">\n\t\t\t<p>Muzuri est plus qu'un mouvement, c'est un style de vie et une mani\u00e8re optimiste d'appr\u00e9hender ou d'aborder la Vie,\nNous sommes dynamiques et croyons au changement pour le mieux\u2026<\/p>\n\t\t<\/div>\n\t\t\n\t\t<a class=\"elementor-post__read-more\" href=\"https:\/\/www.muzurirdc.com\/fr\/muzuri-is-more-than-a-movement\/\" >\n\t\t\tLIRE LA SUITE\t\t<\/a>\n\n\t\t\t\t<\/div>\n\t\t\t\t<div class=\"elementor-post__meta-data\">\n\t\t\t\t\t<span class=\"elementor-post-date\">\n\t\t\tavril 10, 2022\t\t<\/span>\n\t\t\t\t<span class=\"elementor-post-avatar\">\n\t\t\tAucun commentaire\t\t<\/span>\n\t\t\t\t<\/div>\n\t\t\t\t\t<\/div>\n\t\t<\/article>\n\t\t\t\t<\/div>\n\n\n\t\t\n\t\t\t\t<\/div>\n\t\t\t\t<\/div>\n\t\t\t\t\t<\/div>\n\t\t<\/div>\n\t\t\t\t\t\t\t<\/div>\n\t\t<\/section>\n\t\t\t\t\t\t\t<\/div>","protected":false},"excerpt":{"rendered":"<p>HAPPENING NEWS<\/p>","protected":false},"author":1,"featured_media":0,"parent":0,"menu_order":0,"comment_status":"closed","ping_status":"closed","template":"","meta":{"footnotes":""},"class_list":["post-27","page","type-page","status-publish","hentry"],"_links":{"self":[{"href":"https:\/\/www.muzurirdc.com\/fr\/wp-json\/wp\/v2\/pages\/27","targetHints":{"allow":["GET"]}}],"collection":[{"href":"https:\/\/www.muzurirdc.com\/fr\/wp-json\/wp\/v2\/pages"}],"about":[{"href":"https:\/\/www.muzurirdc.com\/fr\/wp-json\/wp\/v2\/types\/page"}],"author":[{"embeddable":true,"href":"https:\/\/www.muzurirdc.com\/fr\/wp-json\/wp\/v2\/users\/1"}],"replies":[{"embeddable":true,"href":"https:\/\/www.muzurirdc.com\/fr\/wp-json\/wp\/v2\/comments?post=27"}],"version-history":[{"count":34,"href":"https:\/\/www.muzurirdc.com\/fr\/wp-json\/wp\/v2\/pages\/27\/revisions"}],"predecessor-version":[{"id":2456,"href":"https:\/\/www.muzurirdc.com\/fr\/wp-json\/wp\/v2\/pages\/27\/revisions\/2456"}],"wp:attachment":[{"href":"https:\/\/www.muzurirdc.com\/fr\/wp-json\/wp\/v2\/media?parent=27"}],"curies":[{"name":"wp","href":"https:\/\/api.w.org\/{rel}","templated":true}]}}