{"id":21,"date":"2022-12-13T09:00:18","date_gmt":"2022-12-13T09:00:18","guid":{"rendered":"https:\/\/www.muzurirdc.com\/?page_id=21"},"modified":"2023-11-24T16:02:12","modified_gmt":"2023-11-24T16:02:12","slug":"our-presence","status":"publish","type":"page","link":"https:\/\/www.muzurirdc.com\/fr\/our-presence\/","title":{"rendered":"Notre pr\u00e9sence"},"content":{"rendered":"<div data-elementor-type=\"wp-page\" data-elementor-id=\"21\" class=\"elementor elementor-21\">\n\t\t\t\t\t\t\t\t\t<section class=\"elementor-section elementor-top-section elementor-element elementor-element-257a1a7 elementor-section-height-min-height elementor-section-boxed elementor-section-height-default elementor-section-items-middle\" data-id=\"257a1a7\" data-element_type=\"section\" data-settings=\"{&quot;background_background&quot;:&quot;classic&quot;}\">\n\t\t\t\t\t\t\t<div class=\"elementor-background-overlay\"><\/div>\n\t\t\t\t\t\t\t<div class=\"elementor-container elementor-column-gap-default\">\n\t\t\t\t\t<div class=\"elementor-column elementor-col-100 elementor-top-column elementor-element elementor-element-99db30b\" data-id=\"99db30b\" data-element_type=\"column\" data-settings=\"{&quot;background_background&quot;:&quot;classic&quot;}\">\n\t\t\t<div class=\"elementor-widget-wrap elementor-element-populated\">\n\t\t\t\t\t\t\t\t<div class=\"elementor-element elementor-element-eaf302a elementor-widget elementor-widget-heading\" data-id=\"eaf302a\" data-element_type=\"widget\" data-widget_type=\"heading.default\">\n\t\t\t\t<div class=\"elementor-widget-container\">\n\t\t\t<style>\/*! elementor - v3.17.0 - 08-11-2023 *\/\n.elementor-heading-title{padding:0;margin:0;line-height:1}.elementor-widget-heading .elementor-heading-title[class*=elementor-size-]>a{color:inherit;font-size:inherit;line-height:inherit}.elementor-widget-heading .elementor-heading-title.elementor-size-small{font-size:15px}.elementor-widget-heading .elementor-heading-title.elementor-size-medium{font-size:19px}.elementor-widget-heading .elementor-heading-title.elementor-size-large{font-size:29px}.elementor-widget-heading .elementor-heading-title.elementor-size-xl{font-size:39px}.elementor-widget-heading .elementor-heading-title.elementor-size-xxl{font-size:59px}<\/style><h2 class=\"elementor-heading-title elementor-size-default\">DANS LE MONDE<\/h2>\t\t<\/div>\n\t\t\t\t<\/div>\n\t\t\t\t\t<\/div>\n\t\t<\/div>\n\t\t\t\t\t\t\t<\/div>\n\t\t<\/section>\n\t\t\t\t<section class=\"elementor-section elementor-top-section elementor-element elementor-element-8e895bb elementor-section-boxed elementor-section-height-default elementor-section-height-default\" data-id=\"8e895bb\" data-element_type=\"section\" id=\"congo\">\n\t\t\t\t\t\t<div class=\"elementor-container elementor-column-gap-default\">\n\t\t\t\t\t<div class=\"elementor-column elementor-col-50 elementor-top-column elementor-element elementor-element-4bad00b\" data-id=\"4bad00b\" data-element_type=\"column\">\n\t\t\t<div class=\"elementor-widget-wrap elementor-element-populated\">\n\t\t\t\t\t\t\t\t<div class=\"elementor-element elementor-element-7f8b717 elementor-widget-divider--view-line elementor-widget elementor-widget-divider\" data-id=\"7f8b717\" data-element_type=\"widget\" data-widget_type=\"divider.default\">\n\t\t\t\t<div class=\"elementor-widget-container\">\n\t\t\t<style>\/*! elementor - v3.17.0 - 08-11-2023 *\/\n.elementor-widget-divider{--divider-border-style:none;--divider-border-width:1px;--divider-color:#0c0d0e;--divider-icon-size:20px;--divider-element-spacing:10px;--divider-pattern-height:24px;--divider-pattern-size:20px;--divider-pattern-url:none;--divider-pattern-repeat:repeat-x}.elementor-widget-divider .elementor-divider{display:flex}.elementor-widget-divider .elementor-divider__text{font-size:15px;line-height:1;max-width:95%}.elementor-widget-divider .elementor-divider__element{margin:0 var(--divider-element-spacing);flex-shrink:0}.elementor-widget-divider .elementor-icon{font-size:var(--divider-icon-size)}.elementor-widget-divider .elementor-divider-separator{display:flex;margin:0;direction:ltr}.elementor-widget-divider--view-line_icon .elementor-divider-separator,.elementor-widget-divider--view-line_text .elementor-divider-separator{align-items:center}.elementor-widget-divider--view-line_icon .elementor-divider-separator:after,.elementor-widget-divider--view-line_icon .elementor-divider-separator:before,.elementor-widget-divider--view-line_text .elementor-divider-separator:after,.elementor-widget-divider--view-line_text .elementor-divider-separator:before{display:block;content:\"\";border-bottom:0;flex-grow:1;border-top:var(--divider-border-width) var(--divider-border-style) var(--divider-color)}.elementor-widget-divider--element-align-left .elementor-divider .elementor-divider-separator>.elementor-divider__svg:first-of-type{flex-grow:0;flex-shrink:100}.elementor-widget-divider--element-align-left .elementor-divider-separator:before{content:none}.elementor-widget-divider--element-align-left .elementor-divider__element{margin-left:0}.elementor-widget-divider--element-align-right .elementor-divider .elementor-divider-separator>.elementor-divider__svg:last-of-type{flex-grow:0;flex-shrink:100}.elementor-widget-divider--element-align-right .elementor-divider-separator:after{content:none}.elementor-widget-divider--element-align-right .elementor-divider__element{margin-right:0}.elementor-widget-divider:not(.elementor-widget-divider--view-line_text):not(.elementor-widget-divider--view-line_icon) .elementor-divider-separator{border-top:var(--divider-border-width) var(--divider-border-style) var(--divider-color)}.elementor-widget-divider--separator-type-pattern{--divider-border-style:none}.elementor-widget-divider--separator-type-pattern.elementor-widget-divider--view-line .elementor-divider-separator,.elementor-widget-divider--separator-type-pattern:not(.elementor-widget-divider--view-line) .elementor-divider-separator:after,.elementor-widget-divider--separator-type-pattern:not(.elementor-widget-divider--view-line) .elementor-divider-separator:before,.elementor-widget-divider--separator-type-pattern:not([class*=elementor-widget-divider--view]) .elementor-divider-separator{width:100%;min-height:var(--divider-pattern-height);-webkit-mask-size:var(--divider-pattern-size) 100%;mask-size:var(--divider-pattern-size) 100%;-webkit-mask-repeat:var(--divider-pattern-repeat);mask-repeat:var(--divider-pattern-repeat);background-color:var(--divider-color);-webkit-mask-image:var(--divider-pattern-url);mask-image:var(--divider-pattern-url)}.elementor-widget-divider--no-spacing{--divider-pattern-size:auto}.elementor-widget-divider--bg-round{--divider-pattern-repeat:round}.rtl .elementor-widget-divider .elementor-divider__text{direction:rtl}.e-con-inner>.elementor-widget-divider,.e-con>.elementor-widget-divider{width:var(--container-widget-width,100%);--flex-grow:var(--container-widget-flex-grow)}<\/style>\t\t<div class=\"elementor-divider\">\n\t\t\t<span class=\"elementor-divider-separator\">\n\t\t\t\t\t\t<\/span>\n\t\t<\/div>\n\t\t\t\t<\/div>\n\t\t\t\t<\/div>\n\t\t\t\t<div class=\"elementor-element elementor-element-7d1bf49 elementor-widget elementor-widget-heading\" data-id=\"7d1bf49\" data-element_type=\"widget\" data-widget_type=\"heading.default\">\n\t\t\t\t<div class=\"elementor-widget-container\">\n\t\t\t<h2 class=\"elementor-heading-title elementor-size-default\">RDC<\/h2>\t\t<\/div>\n\t\t\t\t<\/div>\n\t\t\t\t<div class=\"elementor-element elementor-element-c388818 elementor-widget elementor-widget-text-editor\" data-id=\"c388818\" data-element_type=\"widget\" data-widget_type=\"text-editor.default\">\n\t\t\t\t<div class=\"elementor-widget-container\">\n\t\t\t<style>\/*! elementor - v3.17.0 - 08-11-2023 *\/\n.elementor-widget-text-editor.elementor-drop-cap-view-stacked .elementor-drop-cap{background-color:#69727d;color:#fff}.elementor-widget-text-editor.elementor-drop-cap-view-framed .elementor-drop-cap{color:#69727d;border:3px solid;background-color:transparent}.elementor-widget-text-editor:not(.elementor-drop-cap-view-default) .elementor-drop-cap{margin-top:8px}.elementor-widget-text-editor:not(.elementor-drop-cap-view-default) .elementor-drop-cap-letter{width:1em;height:1em}.elementor-widget-text-editor .elementor-drop-cap{float:left;text-align:center;line-height:1;font-size:50px}.elementor-widget-text-editor .elementor-drop-cap-letter{display:inline-block}<\/style>\t\t\t\t<p>Situ\u00e9e au centre de l\u2019Afrique, la R\u00e9publique D\u00e9mocratique du Congo, est un pays regorgeant une diversit\u00e9 d\u2019opportunit\u00e9s, de richesses et de ressources n\u00e9cessaires au d\u00e9veloppement de l\u2019Afrique. \n Avec une superficie de 2 245 000 Km2, pour une densit\u00e9 de la population \u00e9lev\u00e9e \u00e0 46 hab.\/ Km2, la RDC est 4 ieme des pays les plus peupl\u00e9s d\u2019Afrique.<br \/>L\u2019aspect d\u00e9mographique de la RDC, est un atout incontournable dans le secteur de commerce de d\u00e9tail, que les visionnaires de Muzuri Retail ont pu identifier.<br \/>La RDC Compte a elle-m\u00eame plus 108 Millions de population en 2022, et plus de 15 Millions de la population est concentr\u00e9e \u00e0 Kinshasa ; Jeune et dynamique. \nAvec plus de 10 d\u00e9cennies dans le pays, Muzuri Retail a eu le temps d\u2019\u00e9tudier ce march\u00e9 pour le servir concr\u00e8tement et efficacement.<\/p><p>Muzuri Retail comprend le besoin de consommateurs congolais et sait comment appr\u00e9hender les d\u00e9fis sur terrain. \nAinsi, travaillant avec des marques internationales sous franchise, Muzuri Retail souhaite r\u00e9pondre au besoin du peuple r\u00e9pondant \u00e0 la tendance Congolaise, et ce dans diff\u00e9rentes r\u00e9gions de la RDC.<\/p>\t\t\t\t\t\t<\/div>\n\t\t\t\t<\/div>\n\t\t\t\t\t<\/div>\n\t\t<\/div>\n\t\t\t\t<div class=\"elementor-column elementor-col-50 elementor-top-column elementor-element elementor-element-84a1ba7\" data-id=\"84a1ba7\" data-element_type=\"column\">\n\t\t\t<div class=\"elementor-widget-wrap elementor-element-populated\">\n\t\t\t\t\t\t\t\t<div class=\"elementor-element elementor-element-281f6ad elementor-widget elementor-widget-image\" data-id=\"281f6ad\" data-element_type=\"widget\" data-widget_type=\"image.default\">\n\t\t\t\t<div class=\"elementor-widget-container\">\n\t\t\t<style>\/*! elementor - v3.17.0 - 08-11-2023 *\/\n.elementor-widget-image{text-align:center}.elementor-widget-image a{display:inline-block}.elementor-widget-image a img[src$=\".svg\"]{width:48px}.elementor-widget-image img{vertical-align:middle;display:inline-block}<\/style>\t\t\t\t\t\t\t\t\t\t\t\t<img loading=\"lazy\" decoding=\"async\" width=\"800\" height=\"800\" src=\"https:\/\/www.muzurirdc.com\/wp-content\/uploads\/2023\/01\/map-congo-1024x1024.png\" class=\"attachment-large size-large wp-image-2013\" alt=\"\" srcset=\"https:\/\/www.muzurirdc.com\/wp-content\/uploads\/2023\/01\/map-congo-1024x1024.png 1024w, https:\/\/www.muzurirdc.com\/wp-content\/uploads\/2023\/01\/map-congo-300x300.png 300w, https:\/\/www.muzurirdc.com\/wp-content\/uploads\/2023\/01\/map-congo-150x150.png 150w, https:\/\/www.muzurirdc.com\/wp-content\/uploads\/2023\/01\/map-congo-768x767.png 768w, https:\/\/www.muzurirdc.com\/wp-content\/uploads\/2023\/01\/map-congo-1536x1534.png 1536w, https:\/\/www.muzurirdc.com\/wp-content\/uploads\/2023\/01\/map-congo-2048x2045.png 2048w, https:\/\/www.muzurirdc.com\/wp-content\/uploads\/2023\/01\/map-congo-12x12.png 12w\" sizes=\"auto, (max-width: 800px) 100vw, 800px\" \/>\t\t\t\t\t\t\t\t\t\t\t\t\t\t\t<\/div>\n\t\t\t\t<\/div>\n\t\t\t\t<div class=\"elementor-element elementor-element-15b3b9c elementor-align-center elementor-mobile-align-center elementor-widget elementor-widget-button\" data-id=\"15b3b9c\" data-element_type=\"widget\" data-widget_type=\"button.default\">\n\t\t\t\t<div class=\"elementor-widget-container\">\n\t\t\t\t\t<div class=\"elementor-button-wrapper\">\n\t\t\t<a class=\"elementor-button elementor-button-link elementor-size-sm\" href=\"https:\/\/www.muzurirdc.com\/fr\/our-presence\/drc\/\">\n\t\t\t\t\t\t<span class=\"elementor-button-content-wrapper\">\n\t\t\t\t\t\t<span class=\"elementor-button-text\">SITES EN RDC<\/span>\n\t\t<\/span>\n\t\t\t\t\t<\/a>\n\t\t<\/div>\n\t\t\t\t<\/div>\n\t\t\t\t<\/div>\n\t\t\t\t\t<\/div>\n\t\t<\/div>\n\t\t\t\t\t\t\t<\/div>\n\t\t<\/section>\n\t\t\t\t<section class=\"elementor-section elementor-top-section elementor-element elementor-element-9891343 elementor-reverse-mobile elementor-section-boxed elementor-section-height-default elementor-section-height-default\" data-id=\"9891343\" data-element_type=\"section\" id=\"angola\">\n\t\t\t\t\t\t<div class=\"elementor-container elementor-column-gap-default\">\n\t\t\t\t\t<div class=\"elementor-column elementor-col-50 elementor-top-column elementor-element elementor-element-a9bd840\" data-id=\"a9bd840\" data-element_type=\"column\">\n\t\t\t<div class=\"elementor-widget-wrap elementor-element-populated\">\n\t\t\t\t\t\t\t\t<div class=\"elementor-element elementor-element-cb1289a elementor-widget elementor-widget-image\" data-id=\"cb1289a\" data-element_type=\"widget\" data-widget_type=\"image.default\">\n\t\t\t\t<div class=\"elementor-widget-container\">\n\t\t\t\t\t\t\t\t\t\t\t\t\t\t\t<img loading=\"lazy\" decoding=\"async\" width=\"800\" height=\"855\" src=\"https:\/\/www.muzurirdc.com\/wp-content\/uploads\/2023\/01\/map-luanda-4-958x1024.png\" class=\"attachment-large size-large wp-image-2019\" alt=\"\" srcset=\"https:\/\/www.muzurirdc.com\/wp-content\/uploads\/2023\/01\/map-luanda-4-958x1024.png 958w, https:\/\/www.muzurirdc.com\/wp-content\/uploads\/2023\/01\/map-luanda-4-281x300.png 281w, https:\/\/www.muzurirdc.com\/wp-content\/uploads\/2023\/01\/map-luanda-4-768x821.png 768w, https:\/\/www.muzurirdc.com\/wp-content\/uploads\/2023\/01\/map-luanda-4-1437x1536.png 1437w, https:\/\/www.muzurirdc.com\/wp-content\/uploads\/2023\/01\/map-luanda-4-1917x2048.png 1917w, https:\/\/www.muzurirdc.com\/wp-content\/uploads\/2023\/01\/map-luanda-4-11x12.png 11w\" sizes=\"auto, (max-width: 800px) 100vw, 800px\" \/>\t\t\t\t\t\t\t\t\t\t\t\t\t\t\t<\/div>\n\t\t\t\t<\/div>\n\t\t\t\t<div class=\"elementor-element elementor-element-b07a01a elementor-align-left elementor-mobile-align-center elementor-widget elementor-widget-button\" data-id=\"b07a01a\" data-element_type=\"widget\" data-widget_type=\"button.default\">\n\t\t\t\t<div class=\"elementor-widget-container\">\n\t\t\t\t\t<div class=\"elementor-button-wrapper\">\n\t\t\t<a class=\"elementor-button elementor-button-link elementor-size-sm\" href=\"https:\/\/www.muzurirdc.com\/fr\/our-presence\/angola\/\">\n\t\t\t\t\t\t<span class=\"elementor-button-content-wrapper\">\n\t\t\t\t\t\t<span class=\"elementor-button-text\">SITES EN ANGOLA<\/span>\n\t\t<\/span>\n\t\t\t\t\t<\/a>\n\t\t<\/div>\n\t\t\t\t<\/div>\n\t\t\t\t<\/div>\n\t\t\t\t\t<\/div>\n\t\t<\/div>\n\t\t\t\t<div class=\"elementor-column elementor-col-50 elementor-top-column elementor-element elementor-element-9f72efd\" data-id=\"9f72efd\" data-element_type=\"column\">\n\t\t\t<div class=\"elementor-widget-wrap elementor-element-populated\">\n\t\t\t\t\t\t\t\t<div class=\"elementor-element elementor-element-780440f elementor-widget-divider--view-line elementor-widget elementor-widget-divider\" data-id=\"780440f\" data-element_type=\"widget\" data-widget_type=\"divider.default\">\n\t\t\t\t<div class=\"elementor-widget-container\">\n\t\t\t\t\t<div class=\"elementor-divider\">\n\t\t\t<span class=\"elementor-divider-separator\">\n\t\t\t\t\t\t<\/span>\n\t\t<\/div>\n\t\t\t\t<\/div>\n\t\t\t\t<\/div>\n\t\t\t\t<div class=\"elementor-element elementor-element-1ecc0df elementor-widget elementor-widget-heading\" data-id=\"1ecc0df\" data-element_type=\"widget\" data-widget_type=\"heading.default\">\n\t\t\t\t<div class=\"elementor-widget-container\">\n\t\t\t<h2 class=\"elementor-heading-title elementor-size-default\">ANGOLA<\/h2>\t\t<\/div>\n\t\t\t\t<\/div>\n\t\t\t\t<div class=\"elementor-element elementor-element-b74aeda elementor-widget elementor-widget-text-editor\" data-id=\"b74aeda\" data-element_type=\"widget\" data-widget_type=\"text-editor.default\">\n\t\t\t\t<div class=\"elementor-widget-container\">\n\t\t\t\t\t\t\t<p>L\u2019Angola est un pays du sud-ouest de l\u2019Afrique, avec 1 246 700 km2 de superficie, et Luanda sa capitale est la plus grande ville du pays.<br>L\u2019Angola regorge d\u2019une population dynamique passionn\u00e9e de tout ce qui est tendance : la mode et le style.\nIl a compt\u00e9 33 642 646 hab. en 2021, \u00e0 cause d\u2019un fort taux de croissance de la population ainsi que de l\u2019immigration. Faisant du pays une r\u00e9serve d\u2019une population g\u00e9n\u00e9ralement jeune et tr\u00e8s active. Cette croissance d\u00e9mographique du pays est positive sur le plan \u00e9conomique est rend le pays attirant pour diff\u00e9rents investisseurs.&nbsp;<span style=\"background-color: var( --e-global-color-e9cd4f8 );\">Bien qu\u2019\u00e9tant un grand pays, la population travailleuse ainsi que les activit\u00e9s \u00e9conomiques du pays, se concentrent plus dans la ville et province de Luanda.&nbsp;<\/span><span style=\"background-color: var( --e-global-color-e9cd4f8 );\">Cette derni\u00e8re renferme des surprises modernes ; de quoi eblouir et emballer ses visiteurs, tant touristes qu\u2019investisseurs. \nLa tendance moderne de la ville de Luanda, en Angola, lui donne la place de la ville la plus luxueuse (ch\u00e8re) d\u2019Afrique. \nElle compte \u00e0 elle-m\u00eame 5 Millions d\u2019Habitants et est estim\u00e9e atteindre 12 Millions d\u2019hab. \u00e0 la fin de la d\u00e9cennie.&nbsp;<\/span><span style=\"background-color: var( --e-global-color-e9cd4f8 );\">Luanda devient une mine d\u2019or pour les investisseurs, tels que Muzuri Retail qui a vu le potentiel du pays et souhaite servir son peuple gr\u00e2ce au secteur du commerce de d\u00e9tail.&nbsp;<\/span><span style=\"background-color: var( --e-global-color-e9cd4f8 );\">Muzuri Retail commence son voyage en Angola en franchisant la marque internationale LC Waikiki qui ouvrira des portes en d\u00e9but 2023, \u00e0 Ango Mart Talatona, \u00e0 Luanda.<\/span><\/p>\t\t\t\t\t\t<\/div>\n\t\t\t\t<\/div>\n\t\t\t\t\t<\/div>\n\t\t<\/div>\n\t\t\t\t\t\t\t<\/div>\n\t\t<\/section>\n\t\t\t\t\t\t\t<\/div>","protected":false},"excerpt":{"rendered":"<p>IN THE WORLD DRC Located in the center of Africa, the Democratic Republic of Congo is a country full of opportunities, wealth and necessary resources for the development of Africa. With an area of 2,245,000 km2, for a high population density of 46 inhabitants\/km2, the DRC is the 4th most populated country in Africa.The demographic [&hellip;]<\/p>","protected":false},"author":1,"featured_media":0,"parent":0,"menu_order":0,"comment_status":"closed","ping_status":"closed","template":"","meta":{"footnotes":""},"class_list":["post-21","page","type-page","status-publish","hentry"],"_links":{"self":[{"href":"https:\/\/www.muzurirdc.com\/fr\/wp-json\/wp\/v2\/pages\/21","targetHints":{"allow":["GET"]}}],"collection":[{"href":"https:\/\/www.muzurirdc.com\/fr\/wp-json\/wp\/v2\/pages"}],"about":[{"href":"https:\/\/www.muzurirdc.com\/fr\/wp-json\/wp\/v2\/types\/page"}],"author":[{"embeddable":true,"href":"https:\/\/www.muzurirdc.com\/fr\/wp-json\/wp\/v2\/users\/1"}],"replies":[{"embeddable":true,"href":"https:\/\/www.muzurirdc.com\/fr\/wp-json\/wp\/v2\/comments?post=21"}],"version-history":[{"count":130,"href":"https:\/\/www.muzurirdc.com\/fr\/wp-json\/wp\/v2\/pages\/21\/revisions"}],"predecessor-version":[{"id":2507,"href":"https:\/\/www.muzurirdc.com\/fr\/wp-json\/wp\/v2\/pages\/21\/revisions\/2507"}],"wp:attachment":[{"href":"https:\/\/www.muzurirdc.com\/fr\/wp-json\/wp\/v2\/media?parent=21"}],"curies":[{"name":"wp","href":"https:\/\/api.w.org\/{rel}","templated":true}]}}